{"id":8055,"date":"2013-10-09T12:51:04","date_gmt":"2013-10-09T12:51:04","guid":{"rendered":"https:\/\/mrmixandmaster.com\/reviews\/"},"modified":"2021-01-31T13:22:13","modified_gmt":"2021-01-31T18:22:13","slug":"opiniones","status":"publish","type":"page","link":"https:\/\/mrmixandmaster.com\/es\/opiniones\/","title":{"rendered":"Opiniones del Mezclador de Canciones"},"content":{"rendered":"<div class=\"wpb-content-wrapper\">[vc_row row_type=\u00bbrow\u00bb text_align=\u00bbcenter\u00bb css_animation=\u00bbbottom-to-top\u00bb][vc_column width=\u00bb1\/6&#8243;][\/vc_column][vc_column width=\u00bb2\/3&#8243;][vc_gallery type=\u00bbnivo\u00bb interval=\u00bb3&#8243; images=\u00bb7945,7947,7949&#8243; img_size=\u00bbfull\u00bb css_animation=\u00bbbounceInUp\u00bb][vc_raw_html]JTNDc2NyaXB0JTIwc3JjJTNEJTIyaHR0cHMlM0ElMkYlMkZhcHBzLmVsZnNpZ2h0LmNvbSUyRnAlMkZwbGF0Zm9ybS5qcyUyMiUyMGRlZmVyJTNFJTNDJTJGc2NyaXB0JTNFJTBBJTNDZGl2JTIwY2xhc3MlM0QlMjJlbGZzaWdodC1hcHAtYzZlYWUwMGEtNWFmNi00NzkwLTkyOWMtNGM4MGQ2MmU0NTljJTIyJTNFJTNDJTJGZGl2JTNF[\/vc_raw_html][vc_separator type=\u00bbnormal\u00bb][vc_column_text]\n<p style=\"text-align: center;\"><a href=\"https:\/\/mrmixandmaster.com\/services\/\" target=\"_self\" class=\"qbutton big_large normal\" style=\"font-style: normal; \">OFERTAS ESPECIALES<\/a>\n[vc_separator type=&#8217;normal&#8217; color=\u00bb thickness=\u00bb up=1\u00bb down=1\u00bb][\/vc_column_text][\/vc_column][vc_column width=\u00bb1\/6&#8243;][\/vc_column][\/vc_row][vc_row row_type=\u00bbrow\u00bb text_align=\u00bbcenter\u00bb css_animation=\u00bb\u00bb][vc_column][vc_empty_space][\/vc_column][\/vc_row]\n<\/div>","protected":false},"excerpt":{"rendered":"<p>[vc_row row_type=\u00bbrow\u00bb text_align=\u00bbcenter\u00bb css_animation=\u00bbbottom-to-top\u00bb][vc_column width=\u00bb1\/6&#8243;][\/vc_column][vc_column width=\u00bb2\/3&#8243;][vc_gallery type=\u00bbnivo\u00bb interval=\u00bb3&#8243; images=\u00bb7945,7947,7949&#8243; img_size=\u00bbfull\u00bb css_animation=\u00bbbounceInUp\u00bb][vc_raw_html]JTNDc2NyaXB0JTIwc3JjJTNEJTIyaHR0cHMlM0ElMkYlMkZhcHBzLmVsZnNpZ2h0LmNvbSUyRnAlMkZwbGF0Zm9ybS5qcyUyMiUyMGRlZmVyJTNFJTNDJTJGc2NyaXB0JTNFJTBBJTNDZGl2JTIwY2xhc3MlM0QlMjJlbGZzaWdodC1hcHAtYzZlYWUwMGEtNWFmNi00NzkwLTkyOWMtNGM4MGQ2MmU0NTljJTIyJTNFJTNDJTJGZGl2JTNF[\/vc_raw_html][vc_separator type=\u00bbnormal\u00bb][vc_column_text] [vc_separator type=&#8217;normal&#8217; color=\u00bb thickness=\u00bb up=1\u00bb down=1\u00bb][\/vc_column_text][\/vc_column][vc_column width=\u00bb1\/6&#8243;][\/vc_column][\/vc_row][vc_row row_type=\u00bbrow\u00bb text_align=\u00bbcenter\u00bb css_animation=\u00bb\u00bb][vc_column][vc_empty_space][\/vc_column][\/vc_row]<\/p>\n","protected":false},"author":1,"featured_media":0,"parent":0,"menu_order":0,"comment_status":"open","ping_status":"closed","template":"","meta":{"_uag_custom_page_level_css":"","footnotes":""},"class_list":["post-8055","page","type-page","status-publish","hentry"],"yoast_head":"<!-- This site is optimized with the Yoast SEO plugin v27.5 - https:\/\/yoast.com\/product\/yoast-seo-wordpress\/ -->\n<title>Nuestras cr\u00edticas de mezcla y masterizaci\u00f3n | Mr Mix &amp; Master<\/title>\n<meta name=\"description\" content=\"Lea rese\u00f1as y testimonios de nuestros clientes que comparten su experiencia de mezcla y masterizaci\u00f3n con Mr Mix &amp; Master. \u00a1Haga clic aqu\u00ed hoy!\" \/>\n<meta name=\"robots\" content=\"index, follow, max-snippet:-1, max-image-preview:large, max-video-preview:-1\" \/>\n<link rel=\"canonical\" href=\"https:\/\/mrmixandmaster.com\/es\/opiniones\/\" \/>\n<meta property=\"og:locale\" content=\"es_ES\" \/>\n<meta property=\"og:type\" content=\"article\" \/>\n<meta property=\"og:title\" content=\"Nuestras cr\u00edticas de mezcla y masterizaci\u00f3n | Mr Mix &amp; Master\" \/>\n<meta property=\"og:description\" content=\"Lea rese\u00f1as y testimonios de nuestros clientes que comparten su experiencia de mezcla y masterizaci\u00f3n con Mr Mix &amp; Master. \u00a1Haga clic aqu\u00ed hoy!\" \/>\n<meta property=\"og:url\" content=\"https:\/\/mrmixandmaster.com\/es\/opiniones\/\" \/>\n<meta property=\"og:site_name\" content=\"Mr Mix and Master\" \/>\n<meta property=\"article:publisher\" content=\"https:\/\/www.facebook.com\/OnlineMusicMixingAndMastering\/\" \/>\n<meta property=\"article:modified_time\" content=\"2021-01-31T18:22:13+00:00\" \/>\n<meta name=\"twitter:card\" content=\"summary_large_image\" \/>\n<meta name=\"twitter:site\" content=\"@MrMixandMaster\" \/>\n<meta name=\"twitter:label1\" content=\"Tiempo de lectura\" \/>\n\t<meta name=\"twitter:data1\" content=\"1 minuto\" \/>\n<script type=\"application\/ld+json\" class=\"yoast-schema-graph\">{\"@context\":\"https:\\\/\\\/schema.org\",\"@graph\":[{\"@type\":\"WebPage\",\"@id\":\"https:\\\/\\\/mrmixandmaster.com\\\/es\\\/opiniones\\\/\",\"url\":\"https:\\\/\\\/mrmixandmaster.com\\\/es\\\/opiniones\\\/\",\"name\":\"Nuestras cr\u00edticas de mezcla y masterizaci\u00f3n | Mr Mix & Master\",\"isPartOf\":{\"@id\":\"https:\\\/\\\/mrmixandmaster.com\\\/es\\\/#website\"},\"datePublished\":\"2013-10-09T12:51:04+00:00\",\"dateModified\":\"2021-01-31T18:22:13+00:00\",\"description\":\"Lea rese\u00f1as y testimonios de nuestros clientes que comparten su experiencia de mezcla y masterizaci\u00f3n con Mr Mix & Master. \u00a1Haga clic aqu\u00ed hoy!\",\"breadcrumb\":{\"@id\":\"https:\\\/\\\/mrmixandmaster.com\\\/es\\\/opiniones\\\/#breadcrumb\"},\"inLanguage\":\"es\",\"potentialAction\":[{\"@type\":\"ReadAction\",\"target\":[\"https:\\\/\\\/mrmixandmaster.com\\\/es\\\/opiniones\\\/\"]}]},{\"@type\":\"BreadcrumbList\",\"@id\":\"https:\\\/\\\/mrmixandmaster.com\\\/es\\\/opiniones\\\/#breadcrumb\",\"itemListElement\":[{\"@type\":\"ListItem\",\"position\":1,\"name\":\"Home\",\"item\":\"https:\\\/\\\/mrmixandmaster.com\\\/es\\\/\"},{\"@type\":\"ListItem\",\"position\":2,\"name\":\"Opiniones del Mezclador de Canciones\"}]},{\"@type\":\"WebSite\",\"@id\":\"https:\\\/\\\/mrmixandmaster.com\\\/es\\\/#website\",\"url\":\"https:\\\/\\\/mrmixandmaster.com\\\/es\\\/\",\"name\":\"Mr Mix and Master\",\"description\":\"Online Music Mixing &amp; Mastering\",\"publisher\":{\"@id\":\"https:\\\/\\\/mrmixandmaster.com\\\/es\\\/#organization\"},\"potentialAction\":[{\"@type\":\"SearchAction\",\"target\":{\"@type\":\"EntryPoint\",\"urlTemplate\":\"https:\\\/\\\/mrmixandmaster.com\\\/es\\\/?s={search_term_string}\"},\"query-input\":{\"@type\":\"PropertyValueSpecification\",\"valueRequired\":true,\"valueName\":\"search_term_string\"}}],\"inLanguage\":\"es\"},{\"@type\":\"Organization\",\"@id\":\"https:\\\/\\\/mrmixandmaster.com\\\/es\\\/#organization\",\"name\":\"Mr Mix and Master\",\"url\":\"https:\\\/\\\/mrmixandmaster.com\\\/es\\\/\",\"logo\":{\"@type\":\"ImageObject\",\"inLanguage\":\"es\",\"@id\":\"https:\\\/\\\/mrmixandmaster.com\\\/es\\\/#\\\/schema\\\/logo\\\/image\\\/\",\"url\":\"https:\\\/\\\/mrmixandmaster.com\\\/wp-content\\\/uploads\\\/2019\\\/06\\\/12.png\",\"contentUrl\":\"https:\\\/\\\/mrmixandmaster.com\\\/wp-content\\\/uploads\\\/2019\\\/06\\\/12.png\",\"width\":486,\"height\":214,\"caption\":\"Mr Mix and Master\"},\"image\":{\"@id\":\"https:\\\/\\\/mrmixandmaster.com\\\/es\\\/#\\\/schema\\\/logo\\\/image\\\/\"},\"sameAs\":[\"https:\\\/\\\/www.facebook.com\\\/OnlineMusicMixingAndMastering\\\/\",\"https:\\\/\\\/x.com\\\/MrMixandMaster\",\"https:\\\/\\\/www.instagram.com\\\/mrmixandmaster\\\/\",\"https:\\\/\\\/www.linkedin.com\\\/company\\\/mr-mix-and-master\\\/\",\"https:\\\/\\\/www.pinterest.com\\\/MrMixandMaster\\\/\",\"https:\\\/\\\/www.youtube.com\\\/user\\\/VinnyDvideos\",\"https:\\\/\\\/en.wikipedia.org\\\/wiki\\\/Vincent_DeLeon\"]}]}<\/script>\n<!-- \/ Yoast SEO plugin. -->","yoast_head_json":{"title":"Nuestras cr\u00edticas de mezcla y masterizaci\u00f3n | Mr Mix & Master","description":"Lea rese\u00f1as y testimonios de nuestros clientes que comparten su experiencia de mezcla y masterizaci\u00f3n con Mr Mix & Master. \u00a1Haga clic aqu\u00ed hoy!","robots":{"index":"index","follow":"follow","max-snippet":"max-snippet:-1","max-image-preview":"max-image-preview:large","max-video-preview":"max-video-preview:-1"},"canonical":"https:\/\/mrmixandmaster.com\/es\/opiniones\/","og_locale":"es_ES","og_type":"article","og_title":"Nuestras cr\u00edticas de mezcla y masterizaci\u00f3n | Mr Mix & Master","og_description":"Lea rese\u00f1as y testimonios de nuestros clientes que comparten su experiencia de mezcla y masterizaci\u00f3n con Mr Mix & Master. \u00a1Haga clic aqu\u00ed hoy!","og_url":"https:\/\/mrmixandmaster.com\/es\/opiniones\/","og_site_name":"Mr Mix and Master","article_publisher":"https:\/\/www.facebook.com\/OnlineMusicMixingAndMastering\/","article_modified_time":"2021-01-31T18:22:13+00:00","twitter_card":"summary_large_image","twitter_site":"@MrMixandMaster","twitter_misc":{"Tiempo de lectura":"1 minuto"},"schema":{"@context":"https:\/\/schema.org","@graph":[{"@type":"WebPage","@id":"https:\/\/mrmixandmaster.com\/es\/opiniones\/","url":"https:\/\/mrmixandmaster.com\/es\/opiniones\/","name":"Nuestras cr\u00edticas de mezcla y masterizaci\u00f3n | Mr Mix & Master","isPartOf":{"@id":"https:\/\/mrmixandmaster.com\/es\/#website"},"datePublished":"2013-10-09T12:51:04+00:00","dateModified":"2021-01-31T18:22:13+00:00","description":"Lea rese\u00f1as y testimonios de nuestros clientes que comparten su experiencia de mezcla y masterizaci\u00f3n con Mr Mix & Master. \u00a1Haga clic aqu\u00ed hoy!","breadcrumb":{"@id":"https:\/\/mrmixandmaster.com\/es\/opiniones\/#breadcrumb"},"inLanguage":"es","potentialAction":[{"@type":"ReadAction","target":["https:\/\/mrmixandmaster.com\/es\/opiniones\/"]}]},{"@type":"BreadcrumbList","@id":"https:\/\/mrmixandmaster.com\/es\/opiniones\/#breadcrumb","itemListElement":[{"@type":"ListItem","position":1,"name":"Home","item":"https:\/\/mrmixandmaster.com\/es\/"},{"@type":"ListItem","position":2,"name":"Opiniones del Mezclador de Canciones"}]},{"@type":"WebSite","@id":"https:\/\/mrmixandmaster.com\/es\/#website","url":"https:\/\/mrmixandmaster.com\/es\/","name":"Mr Mix and Master","description":"Online Music Mixing &amp; Mastering","publisher":{"@id":"https:\/\/mrmixandmaster.com\/es\/#organization"},"potentialAction":[{"@type":"SearchAction","target":{"@type":"EntryPoint","urlTemplate":"https:\/\/mrmixandmaster.com\/es\/?s={search_term_string}"},"query-input":{"@type":"PropertyValueSpecification","valueRequired":true,"valueName":"search_term_string"}}],"inLanguage":"es"},{"@type":"Organization","@id":"https:\/\/mrmixandmaster.com\/es\/#organization","name":"Mr Mix and Master","url":"https:\/\/mrmixandmaster.com\/es\/","logo":{"@type":"ImageObject","inLanguage":"es","@id":"https:\/\/mrmixandmaster.com\/es\/#\/schema\/logo\/image\/","url":"https:\/\/mrmixandmaster.com\/wp-content\/uploads\/2019\/06\/12.png","contentUrl":"https:\/\/mrmixandmaster.com\/wp-content\/uploads\/2019\/06\/12.png","width":486,"height":214,"caption":"Mr Mix and Master"},"image":{"@id":"https:\/\/mrmixandmaster.com\/es\/#\/schema\/logo\/image\/"},"sameAs":["https:\/\/www.facebook.com\/OnlineMusicMixingAndMastering\/","https:\/\/x.com\/MrMixandMaster","https:\/\/www.instagram.com\/mrmixandmaster\/","https:\/\/www.linkedin.com\/company\/mr-mix-and-master\/","https:\/\/www.pinterest.com\/MrMixandMaster\/","https:\/\/www.youtube.com\/user\/VinnyDvideos","https:\/\/en.wikipedia.org\/wiki\/Vincent_DeLeon"]}]}},"uagb_featured_image_src":{"full":false,"thumbnail":false,"medium":false,"medium_large":false,"large":false,"1536x1536":false,"2048x2048":false,"portfolio-square":false,"blog-square":false,"menu-featured-post":false,"testimonial-image":false,"woocommerce_thumbnail":false,"woocommerce_single":false,"woocommerce_gallery_thumbnail":false},"uagb_author_info":{"display_name":"vde123","author_link":"https:\/\/mrmixandmaster.com\/es\/author\/vde123\/"},"uagb_comment_info":0,"uagb_excerpt":"[vc_row row_type=\u00bbrow\u00bb text_align=\u00bbcenter\u00bb css_animation=\u00bbbottom-to-top\u00bb][vc_column width=\u00bb1\/6&#8243;][\/vc_column][vc_column width=\u00bb2\/3&#8243;][vc_gallery type=\u00bbnivo\u00bb interval=\u00bb3&#8243; images=\u00bb7945,7947,7949&#8243; img_size=\u00bbfull\u00bb css_animation=\u00bbbounceInUp\u00bb][vc_raw_html]JTNDc2NyaXB0JTIwc3JjJTNEJTIyaHR0cHMlM0ElMkYlMkZhcHBzLmVsZnNpZ2h0LmNvbSUyRnAlMkZwbGF0Zm9ybS5qcyUyMiUyMGRlZmVyJTNFJTNDJTJGc2NyaXB0JTNFJTBBJTNDZGl2JTIwY2xhc3MlM0QlMjJlbGZzaWdodC1hcHAtYzZlYWUwMGEtNWFmNi00NzkwLTkyOWMtNGM4MGQ2MmU0NTljJTIyJTNFJTNDJTJGZGl2JTNF[\/vc_raw_html][vc_separator type=\u00bbnormal\u00bb][vc_column_text] [vc_separator type=&#8217;normal&#8217; color=\u00bb thickness=\u00bb up=1\u00bb down=1\u00bb][\/vc_column_text][\/vc_column][vc_column width=\u00bb1\/6&#8243;][\/vc_column][\/vc_row][vc_row row_type=\u00bbrow\u00bb text_align=\u00bbcenter\u00bb css_animation=\u00bb\u00bb][vc_column][vc_empty_space][\/vc_column][\/vc_row]","_links":{"self":[{"href":"https:\/\/mrmixandmaster.com\/es\/wp-json\/wp\/v2\/pages\/8055","targetHints":{"allow":["GET"]}}],"collection":[{"href":"https:\/\/mrmixandmaster.com\/es\/wp-json\/wp\/v2\/pages"}],"about":[{"href":"https:\/\/mrmixandmaster.com\/es\/wp-json\/wp\/v2\/types\/page"}],"author":[{"embeddable":true,"href":"https:\/\/mrmixandmaster.com\/es\/wp-json\/wp\/v2\/users\/1"}],"replies":[{"embeddable":true,"href":"https:\/\/mrmixandmaster.com\/es\/wp-json\/wp\/v2\/comments?post=8055"}],"version-history":[{"count":1,"href":"https:\/\/mrmixandmaster.com\/es\/wp-json\/wp\/v2\/pages\/8055\/revisions"}],"predecessor-version":[{"id":11253,"href":"https:\/\/mrmixandmaster.com\/es\/wp-json\/wp\/v2\/pages\/8055\/revisions\/11253"}],"wp:attachment":[{"href":"https:\/\/mrmixandmaster.com\/es\/wp-json\/wp\/v2\/media?parent=8055"}],"curies":[{"name":"wp","href":"https:\/\/api.w.org\/{rel}","templated":true}]}}