{"id":8175,"date":"2019-09-20T17:14:10","date_gmt":"2019-09-20T17:14:10","guid":{"rendered":"https:\/\/mrmixandmaster.com\/como-encontrar-el-tempo-de-un-ritmo-con-pro-tools\/"},"modified":"2021-01-29T18:16:33","modified_gmt":"2021-01-29T23:16:33","slug":"como-encontrar-el-tempo-de-un-ritmo-con-pro-tools","status":"publish","type":"page","link":"https:\/\/mrmixandmaster.com\/es\/como-encontrar-el-tempo-de-un-ritmo-con-pro-tools\/","title":{"rendered":"C\u00f3mo encontrar el tempo de un ritmo y mezclar m\u00fasica con Pro Tools"},"content":{"rendered":"<div class=\"wpb-content-wrapper\">[vc_row row_type=\u00bbsection\u00bb type=\u00bbgrid\u00bb text_align=\u00bbleft\u00bb video=\u00bb\u00bb padding_bottom=\u00bb0&#8243;][vc_column][vc_column_text]\n<h1 style=\"text-align: center;\">\u00bfSabes c\u00f3mo encontrar el tempo de un ritmo y mezclar m\u00fasica al utilizar pro tools?<\/h1>\n[\/vc_column_text][\/vc_column][\/vc_row][vc_row row_type=\u00bbsection\u00bb type=\u00bbgrid\u00bb text_align=\u00bbleft\u00bb video=\u00bb\u00bb padding_bottom=\u00bb0&#8243;][vc_column width=\u00bb1\/2&#8243;][vc_column_text]Si eres m\u00fasico, tocas alg\u00fan instrumento o sabes c\u00f3mo mezclar m\u00fasica con programas de computadora, este art\u00edculo es para ti. Sabes que al momento de realizar una composici\u00f3n musical es estrictamente necesario encontrar el tempo de la canci\u00f3n. Pues solo as\u00ed la misma podr\u00e1 sonar en total armon\u00eda y sin ning\u00fan error.<\/p>\n<p>En caso de que sepas c\u00f3mo mezclar m\u00fasica y realices las mezclas o ediciones con un pro tool, debes saber c\u00f3mo encontrar el tempo de una canci\u00f3n. De manera que puedas efectuarle despu\u00e9s todos los cambios que quieras sin que suene mal. En este caso, trataremos espec\u00edficamente el hecho de encontrar el tempo con el programa de Mr Mix and Master.[\/vc_column_text][\/vc_column][vc_column width=\u00bb1\/2&#8243;][vc_single_image image=\u00bb8041&#8243; img_size=\u00bblarge\u00bb alignment=\u00bbcenter\u00bb][\/vc_column][\/vc_row][vc_row row_type=\u00bbsection\u00bb type=\u00bbgrid\u00bb text_align=\u00bbleft\u00bb video=\u00bb\u00bb][vc_column][vc_column_text]\n<h2>Maneras de mezclar m\u00fasica y encontrar el tempo en el pro tool de Mr Mix and Master<\/h2>\n<p>Si tienes dudas acerca de c\u00f3mo encontrar el tempo del ritmo con esta herramienta y mezclar m\u00fasica, te explicaremos todo al respecto. De esa forma, ser\u00e1 una tarea mucho m\u00e1s f\u00e1cil para ti cuando lo vayas a hacer.\u00a0 Adem\u00e1s, as\u00ed podr\u00e1s ahorrarte tiempo y comenzar a realizar creaciones nuevas con la pista que tienes de fondo.<\/p>\n<h3>Simplemente toca en herramientas pro<\/h3>\n<p>Una de las formas m\u00e1s sencillas de hallar el tempo es presionando la tecla T en el teclado de la computadora, esto, a medida que va sonando la canci\u00f3n. Debes hacerlo repetidas veces hasta que puedas ver en la pantalla c\u00f3mo aparece el tempo, el cual se ver\u00e1 reflejado en modo de onda.<\/p>\n<p>No importa si la pista tiene un ritmo r\u00e1pido o lento, con esta opci\u00f3n podr\u00e1s hallar el tempo. Una vez que lo ubiques, puedes hacer zoom en la pantalla. Esto te permitir\u00e1 visualizar mucho mejor la forma de la onda que aparece. Recuerda que debe parecer que estuviera bloqueada a la pendiente para que tenga el tempo correcto.<\/p>\n<p>Por otro lado, en Mr. Mix and Master puedes saltar un poco m\u00e1s adelante en la canci\u00f3n. As\u00ed podr\u00e1s ver el primer momento negativo que tenga y saber que encontraste bien el tempo. Este programa para mezclar m\u00fasica logra esto gracias a que activa la pista del conductor al mismo tiempo que ampl\u00eda el comienzo de la canci\u00f3n.<\/p>\n<p>Cabe resaltar tambi\u00e9n que con este programa las olas de las ondas musicales comienzan desde el inicio de toda canci\u00f3n. De esa forma, podr\u00e1s realizar un seguimiento mucho m\u00e1s minucioso del tempo hasta encontrarlo correctamente.<\/p>\n<h3>Identifica el beat que se encuentra en las herramientas pro<\/h3>\n<p>En esta secci\u00f3n del art\u00edculo, trataremos de las veces en las que el tempo desaparece de toda la pista musical, ya que es algo muy com\u00fan que puede suceder. Para esto, debes emplear la opci\u00f3n de identificar el ritmo entre las herramientas del programa.<\/p>\n<p>Esto deber\u00eda funcionar utilizando la pista del conductor desde el comienzo de la canci\u00f3n. Adem\u00e1s de hacer zoom para realizar un mejor seguimiento, con las olas que se ir\u00e1n formando podr\u00e1s visualizar todo de mejor manera. Aseg\u00farate de estar ubicado apenas en el primer verso que tenga la canci\u00f3n.<\/p>\n<p>All\u00ed, deber\u00e1s encontrar el ritmo negativo de esa primera parte de la pista, el cual debe aparecer en la segunda barra y deber\u00edas poder copiar la informaci\u00f3n a los protocolos.<\/p>\n<p>Hay dos factores que debes tener en consideraci\u00f3n para tener \u00e9xito al encontrar el tempo de esta manera: el primero es asegurarte de que est\u00e9 activada la pesta\u00f1a transitoria, el segundo es estar al tanto de que el primer transitorio sea tambi\u00e9n el primer latido de la barra.<\/p>\n<p>Si a pesar de encontrarlo sientes que no es fiel con la pista, puedes hacer otras cosas. Mr. Mix and Master, experto en mezclar m\u00fasica, te ofrecen la opci\u00f3n de agregar m\u00e1s marcadores de ritmo a la canci\u00f3n. De forma que puedas identificarlo m\u00e1s adelante.<\/p>\n<p>Del mismo modo, puedes hacer uso de los ajustes del tempo para acomodarlo a tu gusto, hasta que puedas encontrar el punto exacto en el que el tempo suena bien para ti. Solo as\u00ed podr\u00e1s continuar bien con el resto de la pista musical.<\/p>\n<p>Una vez que logres hallar el tempo del ritmo, todo ser\u00e1 m\u00e1s sencillo para ti. Sin importar el modo en el que lo hayas hecho o la herramienta que hayas empleado para lograrlo. Ver\u00e1s que todo es mucho m\u00e1s sencillo cuando trabajas con Mr Mix and Master.<\/p>\n<p>Por otro lado, si buscas mezclar m\u00fasica, realizar <a href=\"https:\/\/mrmixandmaster.com\/es\/producto\/online-music-mixing\/\">mezclas musicales profesionales<\/a>\u00a0y de la mejor calidad, solo tienes que ver toda la gama de opciones que te brindamos en nuestro sitio web. \u00bfQu\u00e9 esperas?[\/vc_column_text][\/vc_column][\/vc_row]\n<\/div>","protected":false},"excerpt":{"rendered":"<p>[vc_row row_type=\u00bbsection\u00bb type=\u00bbgrid\u00bb text_align=\u00bbleft\u00bb video=\u00bb\u00bb padding_bottom=\u00bb0&#8243;][vc_column][vc_column_text] \u00bfSabes c\u00f3mo encontrar el tempo de un ritmo y mezclar m\u00fasica al utilizar pro tools? [\/vc_column_text][\/vc_column][\/vc_row][vc_row row_type=\u00bbsection\u00bb type=\u00bbgrid\u00bb text_align=\u00bbleft\u00bb video=\u00bb\u00bb padding_bottom=\u00bb0&#8243;][vc_column width=\u00bb1\/2&#8243;][vc_column_text]Si eres m\u00fasico, tocas alg\u00fan instrumento o sabes c\u00f3mo mezclar m\u00fasica con programas de computadora, este art\u00edculo es&#8230;<\/p>\n","protected":false},"author":101039,"featured_media":0,"parent":0,"menu_order":0,"comment_status":"closed","ping_status":"closed","template":"full_width.php","meta":{"_uag_custom_page_level_css":"","footnotes":""},"class_list":["post-8175","page","type-page","status-publish","hentry"],"yoast_head":"<!-- This site is optimized with the Yoast SEO plugin v27.5 - https:\/\/yoast.com\/product\/yoast-seo-wordpress\/ -->\n<title>C\u00f3mo mezclar m\u00fasica y encontrar el tempo de un ritmo con Pro Tools.<\/title>\n<meta name=\"description\" content=\"Encontrar el tempo de un tiempo en la herramienta profesional implica varios pasos para hacer que la pista suene mejor. \u00a1Aprenda de Mr Mix &amp; Master hoy!\" \/>\n<meta name=\"robots\" content=\"index, follow, max-snippet:-1, max-image-preview:large, max-video-preview:-1\" \/>\n<link rel=\"canonical\" href=\"https:\/\/mrmixandmaster.com\/es\/como-encontrar-el-tempo-de-un-ritmo-con-pro-tools\/\" \/>\n<meta property=\"og:locale\" content=\"es_ES\" \/>\n<meta property=\"og:type\" content=\"article\" \/>\n<meta property=\"og:title\" content=\"C\u00f3mo mezclar m\u00fasica y encontrar el tempo de un ritmo con Pro Tools.\" \/>\n<meta property=\"og:description\" content=\"Encontrar el tempo de un tiempo en la herramienta profesional implica varios pasos para hacer que la pista suene mejor. \u00a1Aprenda de Mr Mix &amp; Master hoy!\" \/>\n<meta property=\"og:url\" content=\"https:\/\/mrmixandmaster.com\/es\/como-encontrar-el-tempo-de-un-ritmo-con-pro-tools\/\" \/>\n<meta property=\"og:site_name\" content=\"Mr Mix and Master\" \/>\n<meta property=\"article:publisher\" content=\"https:\/\/www.facebook.com\/OnlineMusicMixingAndMastering\/\" \/>\n<meta property=\"article:modified_time\" content=\"2021-01-29T23:16:33+00:00\" \/>\n<meta name=\"twitter:card\" content=\"summary_large_image\" \/>\n<meta name=\"twitter:site\" content=\"@MrMixandMaster\" \/>\n<meta name=\"twitter:label1\" content=\"Tiempo de lectura\" \/>\n\t<meta name=\"twitter:data1\" content=\"5 minutos\" \/>\n<script type=\"application\/ld+json\" class=\"yoast-schema-graph\">{\"@context\":\"https:\\\/\\\/schema.org\",\"@graph\":[{\"@type\":\"WebPage\",\"@id\":\"https:\\\/\\\/mrmixandmaster.com\\\/es\\\/como-encontrar-el-tempo-de-un-ritmo-con-pro-tools\\\/\",\"url\":\"https:\\\/\\\/mrmixandmaster.com\\\/es\\\/como-encontrar-el-tempo-de-un-ritmo-con-pro-tools\\\/\",\"name\":\"C\u00f3mo mezclar m\u00fasica y encontrar el tempo de un ritmo con Pro Tools.\",\"isPartOf\":{\"@id\":\"https:\\\/\\\/mrmixandmaster.com\\\/es\\\/#website\"},\"datePublished\":\"2019-09-20T17:14:10+00:00\",\"dateModified\":\"2021-01-29T23:16:33+00:00\",\"description\":\"Encontrar el tempo de un tiempo en la herramienta profesional implica varios pasos para hacer que la pista suene mejor. \u00a1Aprenda de Mr Mix & Master hoy!\",\"breadcrumb\":{\"@id\":\"https:\\\/\\\/mrmixandmaster.com\\\/es\\\/como-encontrar-el-tempo-de-un-ritmo-con-pro-tools\\\/#breadcrumb\"},\"inLanguage\":\"es\",\"potentialAction\":[{\"@type\":\"ReadAction\",\"target\":[\"https:\\\/\\\/mrmixandmaster.com\\\/es\\\/como-encontrar-el-tempo-de-un-ritmo-con-pro-tools\\\/\"]}]},{\"@type\":\"BreadcrumbList\",\"@id\":\"https:\\\/\\\/mrmixandmaster.com\\\/es\\\/como-encontrar-el-tempo-de-un-ritmo-con-pro-tools\\\/#breadcrumb\",\"itemListElement\":[{\"@type\":\"ListItem\",\"position\":1,\"name\":\"Home\",\"item\":\"https:\\\/\\\/mrmixandmaster.com\\\/es\\\/\"},{\"@type\":\"ListItem\",\"position\":2,\"name\":\"C\u00f3mo encontrar el tempo de un ritmo y mezclar m\u00fasica con Pro Tools\"}]},{\"@type\":\"WebSite\",\"@id\":\"https:\\\/\\\/mrmixandmaster.com\\\/es\\\/#website\",\"url\":\"https:\\\/\\\/mrmixandmaster.com\\\/es\\\/\",\"name\":\"Mr Mix and Master\",\"description\":\"Online Music Mixing &amp; Mastering\",\"publisher\":{\"@id\":\"https:\\\/\\\/mrmixandmaster.com\\\/es\\\/#organization\"},\"potentialAction\":[{\"@type\":\"SearchAction\",\"target\":{\"@type\":\"EntryPoint\",\"urlTemplate\":\"https:\\\/\\\/mrmixandmaster.com\\\/es\\\/?s={search_term_string}\"},\"query-input\":{\"@type\":\"PropertyValueSpecification\",\"valueRequired\":true,\"valueName\":\"search_term_string\"}}],\"inLanguage\":\"es\"},{\"@type\":\"Organization\",\"@id\":\"https:\\\/\\\/mrmixandmaster.com\\\/es\\\/#organization\",\"name\":\"Mr Mix and Master\",\"url\":\"https:\\\/\\\/mrmixandmaster.com\\\/es\\\/\",\"logo\":{\"@type\":\"ImageObject\",\"inLanguage\":\"es\",\"@id\":\"https:\\\/\\\/mrmixandmaster.com\\\/es\\\/#\\\/schema\\\/logo\\\/image\\\/\",\"url\":\"https:\\\/\\\/mrmixandmaster.com\\\/wp-content\\\/uploads\\\/2019\\\/06\\\/12.png\",\"contentUrl\":\"https:\\\/\\\/mrmixandmaster.com\\\/wp-content\\\/uploads\\\/2019\\\/06\\\/12.png\",\"width\":486,\"height\":214,\"caption\":\"Mr Mix and Master\"},\"image\":{\"@id\":\"https:\\\/\\\/mrmixandmaster.com\\\/es\\\/#\\\/schema\\\/logo\\\/image\\\/\"},\"sameAs\":[\"https:\\\/\\\/www.facebook.com\\\/OnlineMusicMixingAndMastering\\\/\",\"https:\\\/\\\/x.com\\\/MrMixandMaster\",\"https:\\\/\\\/www.instagram.com\\\/mrmixandmaster\\\/\",\"https:\\\/\\\/www.linkedin.com\\\/company\\\/mr-mix-and-master\\\/\",\"https:\\\/\\\/www.pinterest.com\\\/MrMixandMaster\\\/\",\"https:\\\/\\\/www.youtube.com\\\/user\\\/VinnyDvideos\",\"https:\\\/\\\/en.wikipedia.org\\\/wiki\\\/Vincent_DeLeon\"]}]}<\/script>\n<!-- \/ Yoast SEO plugin. -->","yoast_head_json":{"title":"C\u00f3mo mezclar m\u00fasica y encontrar el tempo de un ritmo con Pro Tools.","description":"Encontrar el tempo de un tiempo en la herramienta profesional implica varios pasos para hacer que la pista suene mejor. \u00a1Aprenda de Mr Mix & Master hoy!","robots":{"index":"index","follow":"follow","max-snippet":"max-snippet:-1","max-image-preview":"max-image-preview:large","max-video-preview":"max-video-preview:-1"},"canonical":"https:\/\/mrmixandmaster.com\/es\/como-encontrar-el-tempo-de-un-ritmo-con-pro-tools\/","og_locale":"es_ES","og_type":"article","og_title":"C\u00f3mo mezclar m\u00fasica y encontrar el tempo de un ritmo con Pro Tools.","og_description":"Encontrar el tempo de un tiempo en la herramienta profesional implica varios pasos para hacer que la pista suene mejor. \u00a1Aprenda de Mr Mix & Master hoy!","og_url":"https:\/\/mrmixandmaster.com\/es\/como-encontrar-el-tempo-de-un-ritmo-con-pro-tools\/","og_site_name":"Mr Mix and Master","article_publisher":"https:\/\/www.facebook.com\/OnlineMusicMixingAndMastering\/","article_modified_time":"2021-01-29T23:16:33+00:00","twitter_card":"summary_large_image","twitter_site":"@MrMixandMaster","twitter_misc":{"Tiempo de lectura":"5 minutos"},"schema":{"@context":"https:\/\/schema.org","@graph":[{"@type":"WebPage","@id":"https:\/\/mrmixandmaster.com\/es\/como-encontrar-el-tempo-de-un-ritmo-con-pro-tools\/","url":"https:\/\/mrmixandmaster.com\/es\/como-encontrar-el-tempo-de-un-ritmo-con-pro-tools\/","name":"C\u00f3mo mezclar m\u00fasica y encontrar el tempo de un ritmo con Pro Tools.","isPartOf":{"@id":"https:\/\/mrmixandmaster.com\/es\/#website"},"datePublished":"2019-09-20T17:14:10+00:00","dateModified":"2021-01-29T23:16:33+00:00","description":"Encontrar el tempo de un tiempo en la herramienta profesional implica varios pasos para hacer que la pista suene mejor. \u00a1Aprenda de Mr Mix & Master hoy!","breadcrumb":{"@id":"https:\/\/mrmixandmaster.com\/es\/como-encontrar-el-tempo-de-un-ritmo-con-pro-tools\/#breadcrumb"},"inLanguage":"es","potentialAction":[{"@type":"ReadAction","target":["https:\/\/mrmixandmaster.com\/es\/como-encontrar-el-tempo-de-un-ritmo-con-pro-tools\/"]}]},{"@type":"BreadcrumbList","@id":"https:\/\/mrmixandmaster.com\/es\/como-encontrar-el-tempo-de-un-ritmo-con-pro-tools\/#breadcrumb","itemListElement":[{"@type":"ListItem","position":1,"name":"Home","item":"https:\/\/mrmixandmaster.com\/es\/"},{"@type":"ListItem","position":2,"name":"C\u00f3mo encontrar el tempo de un ritmo y mezclar m\u00fasica con Pro Tools"}]},{"@type":"WebSite","@id":"https:\/\/mrmixandmaster.com\/es\/#website","url":"https:\/\/mrmixandmaster.com\/es\/","name":"Mr Mix and Master","description":"Online Music Mixing &amp; Mastering","publisher":{"@id":"https:\/\/mrmixandmaster.com\/es\/#organization"},"potentialAction":[{"@type":"SearchAction","target":{"@type":"EntryPoint","urlTemplate":"https:\/\/mrmixandmaster.com\/es\/?s={search_term_string}"},"query-input":{"@type":"PropertyValueSpecification","valueRequired":true,"valueName":"search_term_string"}}],"inLanguage":"es"},{"@type":"Organization","@id":"https:\/\/mrmixandmaster.com\/es\/#organization","name":"Mr Mix and Master","url":"https:\/\/mrmixandmaster.com\/es\/","logo":{"@type":"ImageObject","inLanguage":"es","@id":"https:\/\/mrmixandmaster.com\/es\/#\/schema\/logo\/image\/","url":"https:\/\/mrmixandmaster.com\/wp-content\/uploads\/2019\/06\/12.png","contentUrl":"https:\/\/mrmixandmaster.com\/wp-content\/uploads\/2019\/06\/12.png","width":486,"height":214,"caption":"Mr Mix and Master"},"image":{"@id":"https:\/\/mrmixandmaster.com\/es\/#\/schema\/logo\/image\/"},"sameAs":["https:\/\/www.facebook.com\/OnlineMusicMixingAndMastering\/","https:\/\/x.com\/MrMixandMaster","https:\/\/www.instagram.com\/mrmixandmaster\/","https:\/\/www.linkedin.com\/company\/mr-mix-and-master\/","https:\/\/www.pinterest.com\/MrMixandMaster\/","https:\/\/www.youtube.com\/user\/VinnyDvideos","https:\/\/en.wikipedia.org\/wiki\/Vincent_DeLeon"]}]}},"uagb_featured_image_src":{"full":false,"thumbnail":false,"medium":false,"medium_large":false,"large":false,"1536x1536":false,"2048x2048":false,"portfolio-square":false,"blog-square":false,"menu-featured-post":false,"testimonial-image":false,"woocommerce_thumbnail":false,"woocommerce_single":false,"woocommerce_gallery_thumbnail":false},"uagb_author_info":{"display_name":"Sergio","author_link":"https:\/\/mrmixandmaster.com\/es\/author\/sergiomdeleon\/"},"uagb_comment_info":0,"uagb_excerpt":"[vc_row row_type=\u00bbsection\u00bb type=\u00bbgrid\u00bb text_align=\u00bbleft\u00bb video=\u00bb\u00bb padding_bottom=\u00bb0&#8243;][vc_column][vc_column_text] \u00bfSabes c\u00f3mo encontrar el tempo de un ritmo y mezclar m\u00fasica al utilizar pro tools? [\/vc_column_text][\/vc_column][\/vc_row][vc_row row_type=\u00bbsection\u00bb type=\u00bbgrid\u00bb text_align=\u00bbleft\u00bb video=\u00bb\u00bb padding_bottom=\u00bb0&#8243;][vc_column width=\u00bb1\/2&#8243;][vc_column_text]Si eres m\u00fasico, tocas alg\u00fan instrumento o sabes c\u00f3mo mezclar m\u00fasica con programas de computadora, este art\u00edculo es...","_links":{"self":[{"href":"https:\/\/mrmixandmaster.com\/es\/wp-json\/wp\/v2\/pages\/8175","targetHints":{"allow":["GET"]}}],"collection":[{"href":"https:\/\/mrmixandmaster.com\/es\/wp-json\/wp\/v2\/pages"}],"about":[{"href":"https:\/\/mrmixandmaster.com\/es\/wp-json\/wp\/v2\/types\/page"}],"author":[{"embeddable":true,"href":"https:\/\/mrmixandmaster.com\/es\/wp-json\/wp\/v2\/users\/101039"}],"replies":[{"embeddable":true,"href":"https:\/\/mrmixandmaster.com\/es\/wp-json\/wp\/v2\/comments?post=8175"}],"version-history":[{"count":1,"href":"https:\/\/mrmixandmaster.com\/es\/wp-json\/wp\/v2\/pages\/8175\/revisions"}],"predecessor-version":[{"id":11246,"href":"https:\/\/mrmixandmaster.com\/es\/wp-json\/wp\/v2\/pages\/8175\/revisions\/11246"}],"wp:attachment":[{"href":"https:\/\/mrmixandmaster.com\/es\/wp-json\/wp\/v2\/media?parent=8175"}],"curies":[{"name":"wp","href":"https:\/\/api.w.org\/{rel}","templated":true}]}}