{"id":8159,"date":"2013-10-09T15:46:41","date_gmt":"2013-10-09T15:46:41","guid":{"rendered":"https:\/\/mrmixandmaster.com\/product\/online-music-mixing\/"},"modified":"2025-06-04T07:38:21","modified_gmt":"2025-06-04T11:38:21","slug":"online-music-mixing","status":"publish","type":"product","link":"https:\/\/mrmixandmaster.com\/es\/producto\/online-music-mixing\/","title":{"rendered":"Mezcla de M\u00fasica"},"content":{"rendered":"<h1>Mezcla de m\u00fasica en l\u00ednea<\/h1>\n<p>\u00bfEres un m\u00fasico que necesita un servicio de mezcla de m\u00fasica de clase mundial? Definitivamente est\u00e1s en el destino correcto si Vinny D maneja tu mezcla de m\u00fasica en l\u00ednea. Ahora no tienes que molestarte en pasar tiempo en casa tratando de preparar tus grabaciones porque un profesional puede hacer el trabajo perfectamente y esto es posible independientemente de tu ubicaci\u00f3n geogr\u00e1fica. No tiene que molestarse en visitar nuestra ubicaci\u00f3n en Miami para obtener una mezcla de m\u00fasica profesional. Una vez que se contacte con nosotros, tiene la garant\u00eda de disfrutar de la mejor mezcla de m\u00fasica en l\u00ednea porque podemos decir con confianza que tenemos el mejor mezclador de canciones en l\u00ednea. Pero no nos tome por nuestras palabras, cont\u00e1ctenos para sus primeros servicios de mezcla en l\u00ednea y se dar\u00e1 cuenta de por qu\u00e9 necesita quedarse con nosotros.<\/p>\n<p>Siempre hay una mezcla lista para la radio al elegir a Vinny D, y su clientela atraviesa diferentes partes del mundo. Ha brindado servicios a m\u00fasicos de diferentes partes del mundo, y cualquier celebridad que quiera mezclar m\u00fasica en l\u00ednea sabe que Vinny D siempre hace un trabajo perfecto. Tener una calidad de sonido profesional puede desempe\u00f1ar un papel importante en el resultado que un artista recibe de cada grabaci\u00f3n original. El estrellato y la fama pueden provenir de utilizar las mejores manos de la industria, que es lo que ofrecemos cuando elige nuestro servicio de mezcla de m\u00fasica profesional o <a href=\"https:\/\/mrmixandmaster.com\/es\/producto\/online-music-mastering\/\">Servicio de masterizaci\u00f3n.<\/a><\/p>\n<p>Nuestros servicios de mezcla en l\u00ednea son un proceso continuo del que puede beneficiarse simplemente cargando sus sesiones de herramientas profesionales o los tallos individuales de cada pista si se graban en otros DAW en www.wetransfer.com. Tambi\u00e9n es importante tener en cuenta que si tiene la intenci\u00f3n de enviar stems, debe asegurarse de que todos los faders est\u00e9n en la unidad o 0db, el panorama est\u00e9 en el centro, los efectos se omitan, las voces son archivos mono, los instrumentos de beats \/ 2track son archivos est\u00e9reo .<\/p>\n<p>El costo de nuestros servicios de mezcla en l\u00ednea es de aproximadamente $ 109.99 por una pista, mientras que los pedidos de 10 canciones o m\u00e1s se pueden hacer a un precio con descuento cuando se pone en contacto con nosotros para solicitar un presupuesto. La tarifa de $79.99 por pista cubre ambas mezclas vocales y solo dos ritmos de pista.<\/p>\n<p>M\u00e1s a\u00fan, el precio de <a href=\"https:\/\/mrmixandmaster.com\/es\/producto\/online-beat-mixing-services\/\">latidos \/ mezcla de instrumentaci\u00f3n <\/a>var\u00eda, lo que significa que el precio depende del n\u00famero de pistas individuales y la calidad de los sonidos \/ instrumentos involucrados. El costo promedio de ritmos \/ mezcla de instrumentaci\u00f3n var\u00eda de $100 a $ 200 y m\u00e1s por mezcla. No dude en contactarnos y preparar su cotizaci\u00f3n.<\/p>\n<p>Es com\u00fan encontrar un <a href=\"https:\/\/mrmixandmaster.com\/\">compa\u00f1\u00eda de mezcla de m\u00fasica<\/a><\/p>\n<p>que solo est\u00e1n interesados \u200b\u200ben obtener ganancias con poca consideraci\u00f3n al servicio de calidad. Lo que significa que un artista puede obtener un servicio deficiente si el costo de la mezcla de m\u00fasica es el principal factor decisivo con respecto a la empresa con la que trabajar\u00e1 para la mezcla de m\u00fasica en l\u00ednea.<\/p>\n<p>M\u00e1s a\u00fan, si necesita un toque creativo para mezclar m\u00fasica que tenga un atractivo global, puede contar con nosotros para hacer el trabajo. Tenemos una base de clientes que se extiende por diferentes continentes, lo que nos ha permitido relacionarnos con varios artistas talentosos, por lo que somos creativos para infundir conceptos creativos en cada proyecto de mezcla de m\u00fasica que manejamos.<\/p>\n<p>Si est\u00e1 buscando el mejor mezclador de canciones en l\u00ednea, puede contar con nosotros para ofrecerle una mezcla perfecta, y tenemos todo lo necesario para que esto suceda. Queremos que su m\u00fasica sea la pr\u00f3xima gran novedad porque el \u00e9xito de su pieza musical es nuestra m\u00e1xima prioridad.<\/p>\n<p>&nbsp;<\/p>\n<h3><strong>PREGUNTAS FRECUENTES PARA LA MEZCLA DE M\u00daSICA EN L\u00cdNEA A TRAV\u00c9S DE VINNY D<\/strong><\/h3>\n<p>Hay preguntas frecuentes que todos deben saber para nuestros servicios de mezcla en l\u00ednea. Cuando desee que el trabajo se realice a trav\u00e9s de Vinny D. familiarizarse con las preguntas frecuentes a continuaci\u00f3n nos permitir\u00e1 brindarle un mejor servicio y garantizar que env\u00ede el archivo correcto con la configuraci\u00f3n requerida.<\/p>\n<h3><strong>\u00bfQu\u00e9 debo saber sobre la grabaci\u00f3n de mis archivos de audio?<\/strong><\/h3>\n<p>Grabe sus archivos de audio a 24 bits o m\u00e1s para obtener la mejor calidad. Las frecuencias de muestreo de la sesi\u00f3n deben ser 44,1 KHz o 96 KHz. Este rango din\u00e1mico aumentado ayuda contra los problemas de estructura que puede experimentar mientras graba. Adem\u00e1s, puede lograr niveles de ruido m\u00e1s bajos y alta resoluci\u00f3n.<\/p>\n<h3><strong>\u00bfCu\u00e1l es la configuraci\u00f3n de decibelios que debo usar para mi grabaci\u00f3n?<\/strong><\/h3>\n<p>Mantenga sus grabaciones alrededor de -3 dbfs. No recomendamos usar m\u00e1s de -6 dbfs. Vinny D manejar\u00e1 cualquier problema de volumen durante la etapa de mezcla.<\/p>\n<h3><strong>\u00bfQu\u00e9 necesito saber sobre la exportaci\u00f3n de mis archivos?<\/strong><\/h3>\n<p>Si va a exportar o rebotar pistas desde un DAW que no sea Pro Tools, es crucial que se omitan los complementos. Faders establecidos en la unidad o 0 db. Las voces deben exportarse como archivos mono, no como archivos est\u00e9reo (para obtener los mejores resultados). Los instrumentales de Beats \/ 2track deben ser archivos est\u00e9reo.<\/p>\n<h4><strong>\u00bfCu\u00e1l es el mejor punto de partida para la exportaci\u00f3n de archivos?<\/strong><\/h4>\n<p>Exporte todos los archivos en la misma regi\u00f3n desde el mismo punto de inicio de la sesi\u00f3n 0:00. Cuando Vinny los importa, es fundamental asegurarse de que est\u00e9n totalmente sincronizados y alineados correctamente.<\/p>\n<h2><strong>\u00bfQu\u00e9 tan importante es la mezcla de m\u00fasica?<\/strong><\/h2>\n<p>La mezcla de m\u00fasica es muy importante, despu\u00e9s de grabar sus voces y los instrumentales, es esencial unirlos. Las pistas deben combinarse en una mezcla competitiva y una mezcla cohesiva antes de que se dominen las pistas. La mezcla de m\u00fasica garantiza que las personas se sientan atra\u00eddas por la m\u00fasica, lo que le permite volverse viral.<\/p>\n<h5><strong>\u00bfTienes tratamiento ac\u00fastico?<\/strong><\/h5>\n<p>S\u00ed, hay un tratamiento ac\u00fastico en nuestro\u00a0<a href=\"https:\/\/mrmixandmaster.com\/es\/estudio-de-grabacion-de-miami\/\">Estudio de grabaci\u00f3n de Miami<\/a> que se usar\u00e1 para mezclar m\u00fasica en l\u00ednea. Los materiales ac\u00fasticos como la difusi\u00f3n, la absorci\u00f3n de banda ancha y varios otros materiales mejorar\u00e1n significativamente la calidad de la mezcla.<\/p>\n","protected":false},"excerpt":{"rendered":"<p>Deje que el ingeniero de celebridades n\u00famero uno del mundo preparado para la radio se encargue de su mezcla de m\u00fasica en l\u00ednea. Vinny D es el ingeniero l\u00edder en la industria para transformar su audio de bueno a excelente con gracia. Vinny ha recibido recientemente su primera certificaci\u00f3n Diamond por RIAA y ahora es un ingeniero de mezcla de platino 129 veces. Vinny se enorgullece en anunciar que tambi\u00e9n ha sido nominado para cuatro Premios Grammy Latinos diferentes en 2019, separ\u00e1ndose a\u00fan m\u00e1s de los otros ingenieros de mezcla en l\u00ednea que ofrecen servicios similares.<\/p>\n","protected":false},"featured_media":7997,"comment_status":"closed","ping_status":"closed","template":"","meta":{"_uag_custom_page_level_css":""},"product_brand":[],"product_cat":[79],"product_tag":[],"class_list":{"0":"post-8159","1":"product","2":"type-product","3":"status-publish","4":"has-post-thumbnail","6":"product_cat-music-es","8":"first","9":"instock","10":"featured","11":"purchasable","12":"product-type-variable","13":"has-default-attributes"},"yoast_head":"<!-- This site is optimized with the Yoast SEO plugin v27.5 - https:\/\/yoast.com\/product\/yoast-seo-wordpress\/ -->\n<title>Los mejores servicios de mezcla de m\u00fasica en l\u00ednea | Mr Mix &amp; Master<\/title>\n<meta name=\"description\" content=\"Mr Mix &amp; Master es la mejor opci\u00f3n para servicios de mezcla de m\u00fasica en l\u00ednea en todo el mundo. Los clientes incluyen The Weeknd, Bad Bunny y m\u00e1s!\" \/>\n<meta name=\"robots\" content=\"index, follow, max-snippet:-1, max-image-preview:large, max-video-preview:-1\" \/>\n<link rel=\"canonical\" href=\"https:\/\/mrmixandmaster.com\/es\/producto\/online-music-mixing\/\" \/>\n<meta property=\"og:locale\" content=\"es_ES\" \/>\n<meta property=\"og:type\" content=\"article\" \/>\n<meta property=\"og:title\" content=\"Los mejores servicios de mezcla de m\u00fasica en l\u00ednea | Mr Mix &amp; Master\" \/>\n<meta property=\"og:description\" content=\"Mr Mix &amp; Master es la mejor opci\u00f3n para servicios de mezcla de m\u00fasica en l\u00ednea en todo el mundo. Los clientes incluyen The Weeknd, Bad Bunny y m\u00e1s!\" \/>\n<meta property=\"og:url\" content=\"https:\/\/mrmixandmaster.com\/es\/producto\/online-music-mixing\/\" \/>\n<meta property=\"og:site_name\" content=\"Mr Mix and Master\" \/>\n<meta property=\"article:publisher\" content=\"https:\/\/www.facebook.com\/OnlineMusicMixingAndMastering\/\" \/>\n<meta property=\"article:modified_time\" content=\"2025-06-04T11:38:21+00:00\" \/>\n<meta property=\"og:image\" content=\"https:\/\/mrmixandmaster.com\/wp-content\/uploads\/2013\/10\/AdobeStock_111374430-1024x598.png\" \/>\n\t<meta property=\"og:image:width\" content=\"1024\" \/>\n\t<meta property=\"og:image:height\" content=\"598\" \/>\n\t<meta property=\"og:image:type\" content=\"image\/png\" \/>\n<meta name=\"twitter:card\" content=\"summary_large_image\" \/>\n<meta name=\"twitter:site\" content=\"@MrMixandMaster\" \/>\n<meta name=\"twitter:label1\" content=\"Tiempo de lectura\" \/>\n\t<meta name=\"twitter:data1\" content=\"5 minutos\" \/>\n<script type=\"application\/ld+json\" class=\"yoast-schema-graph\">{\"@context\":\"https:\\\/\\\/schema.org\",\"@graph\":[{\"@type\":\"WebPage\",\"@id\":\"https:\\\/\\\/mrmixandmaster.com\\\/es\\\/producto\\\/online-music-mixing\\\/\",\"url\":\"https:\\\/\\\/mrmixandmaster.com\\\/es\\\/producto\\\/online-music-mixing\\\/\",\"name\":\"Los mejores servicios de mezcla de m\u00fasica en l\u00ednea | Mr Mix & Master\",\"isPartOf\":{\"@id\":\"https:\\\/\\\/mrmixandmaster.com\\\/es\\\/#website\"},\"primaryImageOfPage\":{\"@id\":\"https:\\\/\\\/mrmixandmaster.com\\\/es\\\/producto\\\/online-music-mixing\\\/#primaryimage\"},\"image\":{\"@id\":\"https:\\\/\\\/mrmixandmaster.com\\\/es\\\/producto\\\/online-music-mixing\\\/#primaryimage\"},\"thumbnailUrl\":\"https:\\\/\\\/mrmixandmaster.com\\\/wp-content\\\/uploads\\\/2013\\\/10\\\/AdobeStock_111374430.png\",\"datePublished\":\"2013-10-09T15:46:41+00:00\",\"dateModified\":\"2025-06-04T11:38:21+00:00\",\"description\":\"Mr Mix & Master es la mejor opci\u00f3n para servicios de mezcla de m\u00fasica en l\u00ednea en todo el mundo. Los clientes incluyen The Weeknd, Bad Bunny y m\u00e1s!\",\"breadcrumb\":{\"@id\":\"https:\\\/\\\/mrmixandmaster.com\\\/es\\\/producto\\\/online-music-mixing\\\/#breadcrumb\"},\"inLanguage\":\"es\",\"potentialAction\":[{\"@type\":\"ReadAction\",\"target\":[\"https:\\\/\\\/mrmixandmaster.com\\\/es\\\/producto\\\/online-music-mixing\\\/\"]}]},{\"@type\":\"ImageObject\",\"inLanguage\":\"es\",\"@id\":\"https:\\\/\\\/mrmixandmaster.com\\\/es\\\/producto\\\/online-music-mixing\\\/#primaryimage\",\"url\":\"https:\\\/\\\/mrmixandmaster.com\\\/wp-content\\\/uploads\\\/2013\\\/10\\\/AdobeStock_111374430.png\",\"contentUrl\":\"https:\\\/\\\/mrmixandmaster.com\\\/wp-content\\\/uploads\\\/2013\\\/10\\\/AdobeStock_111374430.png\",\"width\":5000,\"height\":2920,\"caption\":\"headphones on mix console with audio file\"},{\"@type\":\"BreadcrumbList\",\"@id\":\"https:\\\/\\\/mrmixandmaster.com\\\/es\\\/producto\\\/online-music-mixing\\\/#breadcrumb\",\"itemListElement\":[{\"@type\":\"ListItem\",\"position\":1,\"name\":\"Home\",\"item\":\"https:\\\/\\\/mrmixandmaster.com\\\/es\\\/\"},{\"@type\":\"ListItem\",\"position\":2,\"name\":\"Servicios\",\"item\":\"https:\\\/\\\/mrmixandmaster.com\\\/services\\\/\"},{\"@type\":\"ListItem\",\"position\":3,\"name\":\"Mezcla de M\u00fasica\"}]},{\"@type\":\"WebSite\",\"@id\":\"https:\\\/\\\/mrmixandmaster.com\\\/es\\\/#website\",\"url\":\"https:\\\/\\\/mrmixandmaster.com\\\/es\\\/\",\"name\":\"Mr Mix and Master\",\"description\":\"Online Music Mixing &amp; Mastering\",\"publisher\":{\"@id\":\"https:\\\/\\\/mrmixandmaster.com\\\/es\\\/#organization\"},\"potentialAction\":[{\"@type\":\"SearchAction\",\"target\":{\"@type\":\"EntryPoint\",\"urlTemplate\":\"https:\\\/\\\/mrmixandmaster.com\\\/es\\\/?s={search_term_string}\"},\"query-input\":{\"@type\":\"PropertyValueSpecification\",\"valueRequired\":true,\"valueName\":\"search_term_string\"}}],\"inLanguage\":\"es\"},{\"@type\":\"Organization\",\"@id\":\"https:\\\/\\\/mrmixandmaster.com\\\/es\\\/#organization\",\"name\":\"Mr Mix and Master\",\"url\":\"https:\\\/\\\/mrmixandmaster.com\\\/es\\\/\",\"logo\":{\"@type\":\"ImageObject\",\"inLanguage\":\"es\",\"@id\":\"https:\\\/\\\/mrmixandmaster.com\\\/es\\\/#\\\/schema\\\/logo\\\/image\\\/\",\"url\":\"https:\\\/\\\/mrmixandmaster.com\\\/wp-content\\\/uploads\\\/2019\\\/06\\\/12.png\",\"contentUrl\":\"https:\\\/\\\/mrmixandmaster.com\\\/wp-content\\\/uploads\\\/2019\\\/06\\\/12.png\",\"width\":486,\"height\":214,\"caption\":\"Mr Mix and Master\"},\"image\":{\"@id\":\"https:\\\/\\\/mrmixandmaster.com\\\/es\\\/#\\\/schema\\\/logo\\\/image\\\/\"},\"sameAs\":[\"https:\\\/\\\/www.facebook.com\\\/OnlineMusicMixingAndMastering\\\/\",\"https:\\\/\\\/x.com\\\/MrMixandMaster\",\"https:\\\/\\\/www.instagram.com\\\/mrmixandmaster\\\/\",\"https:\\\/\\\/www.linkedin.com\\\/company\\\/mr-mix-and-master\\\/\",\"https:\\\/\\\/www.pinterest.com\\\/MrMixandMaster\\\/\",\"https:\\\/\\\/www.youtube.com\\\/user\\\/VinnyDvideos\",\"https:\\\/\\\/en.wikipedia.org\\\/wiki\\\/Vincent_DeLeon\"]}]}<\/script>\n<!-- \/ Yoast SEO plugin. -->","yoast_head_json":{"title":"Los mejores servicios de mezcla de m\u00fasica en l\u00ednea | Mr Mix & Master","description":"Mr Mix & Master es la mejor opci\u00f3n para servicios de mezcla de m\u00fasica en l\u00ednea en todo el mundo. Los clientes incluyen The Weeknd, Bad Bunny y m\u00e1s!","robots":{"index":"index","follow":"follow","max-snippet":"max-snippet:-1","max-image-preview":"max-image-preview:large","max-video-preview":"max-video-preview:-1"},"canonical":"https:\/\/mrmixandmaster.com\/es\/producto\/online-music-mixing\/","og_locale":"es_ES","og_type":"article","og_title":"Los mejores servicios de mezcla de m\u00fasica en l\u00ednea | Mr Mix & Master","og_description":"Mr Mix & Master es la mejor opci\u00f3n para servicios de mezcla de m\u00fasica en l\u00ednea en todo el mundo. Los clientes incluyen The Weeknd, Bad Bunny y m\u00e1s!","og_url":"https:\/\/mrmixandmaster.com\/es\/producto\/online-music-mixing\/","og_site_name":"Mr Mix and Master","article_publisher":"https:\/\/www.facebook.com\/OnlineMusicMixingAndMastering\/","article_modified_time":"2025-06-04T11:38:21+00:00","og_image":[{"width":1024,"height":598,"url":"https:\/\/mrmixandmaster.com\/wp-content\/uploads\/2013\/10\/AdobeStock_111374430-1024x598.png","type":"image\/png"}],"twitter_card":"summary_large_image","twitter_site":"@MrMixandMaster","twitter_misc":{"Tiempo de lectura":"5 minutos"},"schema":{"@context":"https:\/\/schema.org","@graph":[{"@type":"WebPage","@id":"https:\/\/mrmixandmaster.com\/es\/producto\/online-music-mixing\/","url":"https:\/\/mrmixandmaster.com\/es\/producto\/online-music-mixing\/","name":"Los mejores servicios de mezcla de m\u00fasica en l\u00ednea | Mr Mix & Master","isPartOf":{"@id":"https:\/\/mrmixandmaster.com\/es\/#website"},"primaryImageOfPage":{"@id":"https:\/\/mrmixandmaster.com\/es\/producto\/online-music-mixing\/#primaryimage"},"image":{"@id":"https:\/\/mrmixandmaster.com\/es\/producto\/online-music-mixing\/#primaryimage"},"thumbnailUrl":"https:\/\/mrmixandmaster.com\/wp-content\/uploads\/2013\/10\/AdobeStock_111374430.png","datePublished":"2013-10-09T15:46:41+00:00","dateModified":"2025-06-04T11:38:21+00:00","description":"Mr Mix & Master es la mejor opci\u00f3n para servicios de mezcla de m\u00fasica en l\u00ednea en todo el mundo. Los clientes incluyen The Weeknd, Bad Bunny y m\u00e1s!","breadcrumb":{"@id":"https:\/\/mrmixandmaster.com\/es\/producto\/online-music-mixing\/#breadcrumb"},"inLanguage":"es","potentialAction":[{"@type":"ReadAction","target":["https:\/\/mrmixandmaster.com\/es\/producto\/online-music-mixing\/"]}]},{"@type":"ImageObject","inLanguage":"es","@id":"https:\/\/mrmixandmaster.com\/es\/producto\/online-music-mixing\/#primaryimage","url":"https:\/\/mrmixandmaster.com\/wp-content\/uploads\/2013\/10\/AdobeStock_111374430.png","contentUrl":"https:\/\/mrmixandmaster.com\/wp-content\/uploads\/2013\/10\/AdobeStock_111374430.png","width":5000,"height":2920,"caption":"headphones on mix console with audio file"},{"@type":"BreadcrumbList","@id":"https:\/\/mrmixandmaster.com\/es\/producto\/online-music-mixing\/#breadcrumb","itemListElement":[{"@type":"ListItem","position":1,"name":"Home","item":"https:\/\/mrmixandmaster.com\/es\/"},{"@type":"ListItem","position":2,"name":"Servicios","item":"https:\/\/mrmixandmaster.com\/services\/"},{"@type":"ListItem","position":3,"name":"Mezcla de M\u00fasica"}]},{"@type":"WebSite","@id":"https:\/\/mrmixandmaster.com\/es\/#website","url":"https:\/\/mrmixandmaster.com\/es\/","name":"Mr Mix and Master","description":"Online Music Mixing &amp; Mastering","publisher":{"@id":"https:\/\/mrmixandmaster.com\/es\/#organization"},"potentialAction":[{"@type":"SearchAction","target":{"@type":"EntryPoint","urlTemplate":"https:\/\/mrmixandmaster.com\/es\/?s={search_term_string}"},"query-input":{"@type":"PropertyValueSpecification","valueRequired":true,"valueName":"search_term_string"}}],"inLanguage":"es"},{"@type":"Organization","@id":"https:\/\/mrmixandmaster.com\/es\/#organization","name":"Mr Mix and Master","url":"https:\/\/mrmixandmaster.com\/es\/","logo":{"@type":"ImageObject","inLanguage":"es","@id":"https:\/\/mrmixandmaster.com\/es\/#\/schema\/logo\/image\/","url":"https:\/\/mrmixandmaster.com\/wp-content\/uploads\/2019\/06\/12.png","contentUrl":"https:\/\/mrmixandmaster.com\/wp-content\/uploads\/2019\/06\/12.png","width":486,"height":214,"caption":"Mr Mix and Master"},"image":{"@id":"https:\/\/mrmixandmaster.com\/es\/#\/schema\/logo\/image\/"},"sameAs":["https:\/\/www.facebook.com\/OnlineMusicMixingAndMastering\/","https:\/\/x.com\/MrMixandMaster","https:\/\/www.instagram.com\/mrmixandmaster\/","https:\/\/www.linkedin.com\/company\/mr-mix-and-master\/","https:\/\/www.pinterest.com\/MrMixandMaster\/","https:\/\/www.youtube.com\/user\/VinnyDvideos","https:\/\/en.wikipedia.org\/wiki\/Vincent_DeLeon"]}]}},"uagb_featured_image_src":{"full":["https:\/\/mrmixandmaster.com\/wp-content\/uploads\/2013\/10\/AdobeStock_111374430.png",5000,2920,false],"thumbnail":["https:\/\/mrmixandmaster.com\/wp-content\/uploads\/2013\/10\/AdobeStock_111374430-150x150.png",150,150,true],"medium":["https:\/\/mrmixandmaster.com\/wp-content\/uploads\/2013\/10\/AdobeStock_111374430-300x175.png",300,175,true],"medium_large":["https:\/\/mrmixandmaster.com\/wp-content\/uploads\/2013\/10\/AdobeStock_111374430-768x449.png",768,449,true],"large":["https:\/\/mrmixandmaster.com\/wp-content\/uploads\/2013\/10\/AdobeStock_111374430-1024x598.png",1024,598,true],"1536x1536":["https:\/\/mrmixandmaster.com\/wp-content\/uploads\/2013\/10\/AdobeStock_111374430.png",1536,897,false],"2048x2048":["https:\/\/mrmixandmaster.com\/wp-content\/uploads\/2013\/10\/AdobeStock_111374430.png",2048,1196,false],"portfolio-square":["https:\/\/mrmixandmaster.com\/wp-content\/uploads\/2013\/10\/AdobeStock_111374430-520x520.png",520,520,true],"blog-square":["https:\/\/mrmixandmaster.com\/wp-content\/uploads\/2013\/10\/AdobeStock_111374430-212x212.png",212,212,true],"menu-featured-post":["https:\/\/mrmixandmaster.com\/wp-content\/uploads\/2013\/10\/AdobeStock_111374430-345x198.png",345,198,true],"testimonial-image":["https:\/\/mrmixandmaster.com\/wp-content\/uploads\/2013\/10\/AdobeStock_111374430-47x47.png",47,47,true],"woocommerce_thumbnail":["https:\/\/mrmixandmaster.com\/wp-content\/uploads\/2013\/10\/AdobeStock_111374430-150x150.png",150,150,true],"woocommerce_single":["https:\/\/mrmixandmaster.com\/wp-content\/uploads\/2013\/10\/AdobeStock_111374430-300x175.png",300,175,true],"woocommerce_gallery_thumbnail":["https:\/\/mrmixandmaster.com\/wp-content\/uploads\/2013\/10\/AdobeStock_111374430-100x100.png",100,100,true]},"uagb_author_info":{"display_name":"vde123","author_link":"https:\/\/mrmixandmaster.com\/es\/author\/"},"uagb_comment_info":0,"uagb_excerpt":"Deje que el ingeniero de celebridades n\u00famero uno del mundo preparado para la radio se encargue de su mezcla de m\u00fasica en l\u00ednea. Vinny D es el ingeniero l\u00edder en la industria para transformar su audio de bueno a excelente con gracia. Vinny ha recibido recientemente su primera certificaci\u00f3n Diamond por RIAA y ahora es&hellip;","_links":{"self":[{"href":"https:\/\/mrmixandmaster.com\/es\/wp-json\/wp\/v2\/product\/8159","targetHints":{"allow":["GET"]}}],"collection":[{"href":"https:\/\/mrmixandmaster.com\/es\/wp-json\/wp\/v2\/product"}],"about":[{"href":"https:\/\/mrmixandmaster.com\/es\/wp-json\/wp\/v2\/types\/product"}],"replies":[{"embeddable":true,"href":"https:\/\/mrmixandmaster.com\/es\/wp-json\/wp\/v2\/comments?post=8159"}],"wp:featuredmedia":[{"embeddable":true,"href":"https:\/\/mrmixandmaster.com\/es\/wp-json\/wp\/v2\/media\/7997"}],"wp:attachment":[{"href":"https:\/\/mrmixandmaster.com\/es\/wp-json\/wp\/v2\/media?parent=8159"}],"wp:term":[{"taxonomy":"product_brand","embeddable":true,"href":"https:\/\/mrmixandmaster.com\/es\/wp-json\/wp\/v2\/product_brand?post=8159"},{"taxonomy":"product_cat","embeddable":true,"href":"https:\/\/mrmixandmaster.com\/es\/wp-json\/wp\/v2\/product_cat?post=8159"},{"taxonomy":"product_tag","embeddable":true,"href":"https:\/\/mrmixandmaster.com\/es\/wp-json\/wp\/v2\/product_tag?post=8159"}],"curies":[{"name":"wp","href":"https:\/\/api.w.org\/{rel}","templated":true}]}}