{"id":8208,"date":"2014-02-27T03:06:46","date_gmt":"2019-11-06T18:16:04","guid":{"rendered":"https:\/\/mrmixandmaster.com\/product\/radio-edits\/"},"modified":"2025-01-18T08:37:44","modified_gmt":"2025-01-18T13:37:44","slug":"radioedits-2","status":"publish","type":"product","link":"https:\/\/mrmixandmaster.com\/es\/producto\/radioedits-2\/","title":{"rendered":"Ediciones de Radio"},"content":{"rendered":"<h1><strong>Servicios de Radio<\/strong> <strong>Edits<\/strong><\/h1>\n<p>En <strong>la m\u00fasica,<\/strong>una <strong>edici\u00f3n<\/strong> de <strong>radio<\/strong> se refiere a una modificaci\u00f3n, normalmente truncada, destinada a hacer una canci\u00f3n m\u00e1s adecuada para <a href=\"https:\/\/en.wikipedia.org\/wiki\/Airplay\">airplay,<\/a>ya sea ajustada por longitud, blasfemia, materia, instrumentaci\u00f3n o forma. <strong>Radio<\/strong> <strong>edit<\/strong>s tambi\u00e9n se puede utilizar para la <strong>versi\u00f3n<\/strong>\u00fanica comercial s, que puede ser denotado como la <em> <strong>versi\u00f3n<\/strong><\/em>de 7 \u00ab.<\/p>\n<p>Muchas personas a menudo se preguntan por qu\u00e9 una canci\u00f3n canta en la <strong>radio<\/strong> es diferente de la <strong>versi\u00f3n<\/strong>original, es porque hay algunas palabras que no est\u00e1n permitidas en el aire y hay reglas estrictas a seguir al lanzar una canci\u00f3n que se va a reproducir en el <strong> radio<\/strong>.<\/p>\n<p>Hay muchas razones por las que uno tiene que <strong>editar<\/strong> por <strong>radio<\/strong> su canci\u00f3n y hay algunas cosas a tener en cuenta al hacerlo. Antes de <strong>editar<\/strong> tu canci\u00f3n por <strong>radio,<\/strong> tienes que preguntar cu\u00e1les son tus valores fundamentales. La belleza de la <strong>m\u00fasica<\/strong> es que cuando est\u00e1s en tu grabaci\u00f3n de elementos, algunas palabras salen de la manera que crees que deber\u00edan, pero para el juego a\u00e9reo, esas palabras no son aceptadas. Y como tal, hay una necesidad de <strong>editar<\/strong> la canci\u00f3n por <strong>radio.<\/strong> Antes de seguir adelante con la <strong>edici\u00f3n<\/strong>de <strong>radio<\/strong> y preg\u00fantese qu\u00e9 valores aguarda y c\u00f3mo desea ser percibido.<\/p>\n<p>Adem\u00e1s, \u00bfqu\u00e9 <strong>mensaje<\/strong> est\u00e1 tratando de transmitir con su <strong>m\u00fasica<\/strong>. El <strong>mensaje<\/strong> que se transmitir\u00e1 con tu <strong>m\u00fasica<\/strong> es tan importante como la <strong>m\u00fasica<\/strong> misma. Hay algunas palabras que se pueden reemplazar en ciertos lugares para ayudar a pasar el <strong>mensaje<\/strong> y hacer que la <strong>m\u00fasica<\/strong> sea tan saludable como usted quiere que sea.<\/p>\n<p>Considere su <strong>audiencia,<\/strong>lo incre\u00edble con Internet es que su <strong>m\u00fasica<\/strong> puede llegar a lugares que ni siquiera espera. Y debido a esto, es importante que considere a su <strong>audiencia<\/strong> y la elecci\u00f3n de palabras que les atraer\u00edan.<\/p>\n<h2>\u00bfPor qu\u00e9 elegirnos para su edici\u00f3n de radio o versi\u00f3n limpia?<\/h2>\n<p>En Mr. Mix and Master, una cosa de la que estamos seguros es que con la <strong>edici\u00f3n<\/strong>correcta, cualquier <strong>m\u00fasica<\/strong> se puede hacer digna de <strong>radio<\/strong> y es por eso que nuestros servicios de <strong>edici\u00f3n<\/strong> de <strong>radio<\/strong> est\u00e1n disponibles para nuestros clientes. No somos s\u00f3lo una empresa de mezcla de m\u00fasica, somos una compa\u00f1\u00eda de producci\u00f3n de mezcla de audio y masterizaci\u00f3n de audio de servicio completo!<\/p>\n<p>\u00bfNecesitas que tu <strong>m\u00fasica<\/strong> acabe con las blasfemias y que no uses un lenguaje n\u00edtido? A continuaci\u00f3n, p\u00f3ngase en contacto con nosotros hoy, ya que entendemos los conceptos b\u00e1sicos y los procesos principales de la <strong>edici\u00f3n<\/strong>de <strong>radio.<\/strong> Nuestro objetivo es ofrecer siempre una <strong>versi\u00f3n<\/strong> <strong>limpia<\/strong> y bien <strong>editada<\/strong> de su canci\u00f3n que atraer\u00e1 a su <strong>p\u00fablico<\/strong> objetivo y ayudar\u00e1 a pasar el <strong>mensaje<\/strong> de su <strong>m\u00fasica<\/strong> a lo largo.<\/p>\n<p>Tenga en cuenta que no todas las canciones que <strong>radio<\/strong> <strong>editado<\/strong> se reproducir\u00e1 en el <strong>radio,<\/strong> ya que hay algunas pautas que deben ser seguidas por <strong>estaci\u00f3n<\/strong>de radio antes de que toquen una canci\u00f3n, sin embargo, en el Sr. Mix y Maestro, podemos asegurar que el <strong>versi\u00f3n<\/strong> que obtienes pasar\u00e1 la prueba de la <strong>radio<\/strong>.<\/p>\n<p>Cada edici\u00f3n de radio es de $39.99 por registro. Si necesita revisiones o cualquier otro servicio de <a href=\"https:\/\/mrmixandmaster.com\/services\/\">m\u00fasica<\/a> realizado por favor p\u00f3ngase en contacto con nosotros hoy (904) 237-3190.<\/p>\n","protected":false},"excerpt":{"rendered":"<p>Servicios de Radio Edits En la m\u00fasica,una edici\u00f3n de radio se refiere a una modificaci\u00f3n, normalmente truncada, destinada a hacer una canci\u00f3n m\u00e1s adecuada para airplay,ya sea ajustada por longitud, blasfemia, materia, instrumentaci\u00f3n o forma. Radio edits tambi\u00e9n se puede utilizar para la versi\u00f3n\u00fanica comercial&#8230;<\/p>\n","protected":false},"featured_media":7867,"comment_status":"closed","ping_status":"closed","template":"","meta":{"_uag_custom_page_level_css":""},"product_brand":[],"product_cat":[79],"product_tag":[],"class_list":{"0":"post-8208","1":"product","2":"type-product","3":"status-publish","4":"has-post-thumbnail","6":"product_cat-music-es","8":"first","9":"instock","10":"virtual","11":"purchasable","12":"product-type-simple"},"yoast_head":"<!-- This site is optimized with the Yoast SEO plugin v27.5 - https:\/\/yoast.com\/product\/yoast-seo-wordpress\/ -->\n<title>Ediciones de Radio y Edici\u00f3n Limpia Para su Disco o Canci\u00f3n<\/title>\n<meta name=\"description\" content=\"Professional Radio Ready Edits y versiones limpias para su canci\u00f3n o single por el ingeniero de audio de 52X Platinum Vinny D. \u00a1Haga clic aqu\u00ed para contactarnos hoy!\" \/>\n<meta name=\"robots\" content=\"index, follow, max-snippet:-1, max-image-preview:large, max-video-preview:-1\" \/>\n<link rel=\"canonical\" href=\"https:\/\/mrmixandmaster.com\/es\/producto\/radioedits-2\/\" \/>\n<meta property=\"og:locale\" content=\"es_ES\" \/>\n<meta property=\"og:type\" content=\"article\" \/>\n<meta property=\"og:title\" content=\"Ediciones de Radio y Edici\u00f3n Limpia Para su Disco o Canci\u00f3n\" \/>\n<meta property=\"og:description\" content=\"Professional Radio Ready Edits y versiones limpias para su canci\u00f3n o single por el ingeniero de audio de 52X Platinum Vinny D. \u00a1Haga clic aqu\u00ed para contactarnos hoy!\" \/>\n<meta property=\"og:url\" content=\"https:\/\/mrmixandmaster.com\/es\/producto\/radioedits-2\/\" \/>\n<meta property=\"og:site_name\" content=\"Mr Mix and Master\" \/>\n<meta property=\"article:publisher\" content=\"https:\/\/www.facebook.com\/OnlineMusicMixingAndMastering\/\" \/>\n<meta property=\"article:modified_time\" content=\"2025-01-18T13:37:44+00:00\" \/>\n<meta property=\"og:image\" content=\"https:\/\/mrmixandmaster.com\/wp-content\/uploads\/2018\/07\/Tempo-of-a-Beat.jpg\" \/>\n\t<meta property=\"og:image:width\" content=\"550\" \/>\n\t<meta property=\"og:image:height\" content=\"380\" \/>\n\t<meta property=\"og:image:type\" content=\"image\/jpeg\" \/>\n<meta name=\"twitter:card\" content=\"summary_large_image\" \/>\n<meta name=\"twitter:site\" content=\"@MrMixandMaster\" \/>\n<meta name=\"twitter:label1\" content=\"Tiempo de lectura\" \/>\n\t<meta name=\"twitter:data1\" content=\"3 minutos\" \/>\n<script type=\"application\/ld+json\" class=\"yoast-schema-graph\">{\"@context\":\"https:\\\/\\\/schema.org\",\"@graph\":[{\"@type\":\"WebPage\",\"@id\":\"https:\\\/\\\/mrmixandmaster.com\\\/es\\\/producto\\\/radioedits-2\\\/\",\"url\":\"https:\\\/\\\/mrmixandmaster.com\\\/es\\\/producto\\\/radioedits-2\\\/\",\"name\":\"Ediciones de Radio y Edici\u00f3n Limpia Para su Disco o Canci\u00f3n\",\"isPartOf\":{\"@id\":\"https:\\\/\\\/mrmixandmaster.com\\\/es\\\/#website\"},\"primaryImageOfPage\":{\"@id\":\"https:\\\/\\\/mrmixandmaster.com\\\/es\\\/producto\\\/radioedits-2\\\/#primaryimage\"},\"image\":{\"@id\":\"https:\\\/\\\/mrmixandmaster.com\\\/es\\\/producto\\\/radioedits-2\\\/#primaryimage\"},\"thumbnailUrl\":\"https:\\\/\\\/mrmixandmaster.com\\\/wp-content\\\/uploads\\\/2018\\\/07\\\/Tempo-of-a-Beat.jpg\",\"datePublished\":\"2019-11-06T18:16:04+00:00\",\"dateModified\":\"2025-01-18T13:37:44+00:00\",\"description\":\"Professional Radio Ready Edits y versiones limpias para su canci\u00f3n o single por el ingeniero de audio de 52X Platinum Vinny D. \u00a1Haga clic aqu\u00ed para contactarnos hoy!\",\"breadcrumb\":{\"@id\":\"https:\\\/\\\/mrmixandmaster.com\\\/es\\\/producto\\\/radioedits-2\\\/#breadcrumb\"},\"inLanguage\":\"es\",\"potentialAction\":[{\"@type\":\"ReadAction\",\"target\":[\"https:\\\/\\\/mrmixandmaster.com\\\/es\\\/producto\\\/radioedits-2\\\/\"]}]},{\"@type\":\"ImageObject\",\"inLanguage\":\"es\",\"@id\":\"https:\\\/\\\/mrmixandmaster.com\\\/es\\\/producto\\\/radioedits-2\\\/#primaryimage\",\"url\":\"https:\\\/\\\/mrmixandmaster.com\\\/wp-content\\\/uploads\\\/2018\\\/07\\\/Tempo-of-a-Beat.jpg\",\"contentUrl\":\"https:\\\/\\\/mrmixandmaster.com\\\/wp-content\\\/uploads\\\/2018\\\/07\\\/Tempo-of-a-Beat.jpg\",\"width\":550,\"height\":380,\"caption\":\"Radio Editar su canci\u00f3n hoy, Limpiar Editar y Limpiar versi\u00f3n para su registro!\"},{\"@type\":\"BreadcrumbList\",\"@id\":\"https:\\\/\\\/mrmixandmaster.com\\\/es\\\/producto\\\/radioedits-2\\\/#breadcrumb\",\"itemListElement\":[{\"@type\":\"ListItem\",\"position\":1,\"name\":\"Home\",\"item\":\"https:\\\/\\\/mrmixandmaster.com\\\/es\\\/\"},{\"@type\":\"ListItem\",\"position\":2,\"name\":\"Servicios\",\"item\":\"https:\\\/\\\/mrmixandmaster.com\\\/services\\\/\"},{\"@type\":\"ListItem\",\"position\":3,\"name\":\"Ediciones de Radio\"}]},{\"@type\":\"WebSite\",\"@id\":\"https:\\\/\\\/mrmixandmaster.com\\\/es\\\/#website\",\"url\":\"https:\\\/\\\/mrmixandmaster.com\\\/es\\\/\",\"name\":\"Mr Mix and Master\",\"description\":\"Online Music Mixing &amp; Mastering\",\"publisher\":{\"@id\":\"https:\\\/\\\/mrmixandmaster.com\\\/es\\\/#organization\"},\"potentialAction\":[{\"@type\":\"SearchAction\",\"target\":{\"@type\":\"EntryPoint\",\"urlTemplate\":\"https:\\\/\\\/mrmixandmaster.com\\\/es\\\/?s={search_term_string}\"},\"query-input\":{\"@type\":\"PropertyValueSpecification\",\"valueRequired\":true,\"valueName\":\"search_term_string\"}}],\"inLanguage\":\"es\"},{\"@type\":\"Organization\",\"@id\":\"https:\\\/\\\/mrmixandmaster.com\\\/es\\\/#organization\",\"name\":\"Mr Mix and Master\",\"url\":\"https:\\\/\\\/mrmixandmaster.com\\\/es\\\/\",\"logo\":{\"@type\":\"ImageObject\",\"inLanguage\":\"es\",\"@id\":\"https:\\\/\\\/mrmixandmaster.com\\\/es\\\/#\\\/schema\\\/logo\\\/image\\\/\",\"url\":\"https:\\\/\\\/mrmixandmaster.com\\\/wp-content\\\/uploads\\\/2019\\\/06\\\/12.png\",\"contentUrl\":\"https:\\\/\\\/mrmixandmaster.com\\\/wp-content\\\/uploads\\\/2019\\\/06\\\/12.png\",\"width\":486,\"height\":214,\"caption\":\"Mr Mix and Master\"},\"image\":{\"@id\":\"https:\\\/\\\/mrmixandmaster.com\\\/es\\\/#\\\/schema\\\/logo\\\/image\\\/\"},\"sameAs\":[\"https:\\\/\\\/www.facebook.com\\\/OnlineMusicMixingAndMastering\\\/\",\"https:\\\/\\\/x.com\\\/MrMixandMaster\",\"https:\\\/\\\/www.instagram.com\\\/mrmixandmaster\\\/\",\"https:\\\/\\\/www.linkedin.com\\\/company\\\/mr-mix-and-master\\\/\",\"https:\\\/\\\/www.pinterest.com\\\/MrMixandMaster\\\/\",\"https:\\\/\\\/www.youtube.com\\\/user\\\/VinnyDvideos\",\"https:\\\/\\\/en.wikipedia.org\\\/wiki\\\/Vincent_DeLeon\"]}]}<\/script>\n<!-- \/ Yoast SEO plugin. -->","yoast_head_json":{"title":"Ediciones de Radio y Edici\u00f3n Limpia Para su Disco o Canci\u00f3n","description":"Professional Radio Ready Edits y versiones limpias para su canci\u00f3n o single por el ingeniero de audio de 52X Platinum Vinny D. \u00a1Haga clic aqu\u00ed para contactarnos hoy!","robots":{"index":"index","follow":"follow","max-snippet":"max-snippet:-1","max-image-preview":"max-image-preview:large","max-video-preview":"max-video-preview:-1"},"canonical":"https:\/\/mrmixandmaster.com\/es\/producto\/radioedits-2\/","og_locale":"es_ES","og_type":"article","og_title":"Ediciones de Radio y Edici\u00f3n Limpia Para su Disco o Canci\u00f3n","og_description":"Professional Radio Ready Edits y versiones limpias para su canci\u00f3n o single por el ingeniero de audio de 52X Platinum Vinny D. \u00a1Haga clic aqu\u00ed para contactarnos hoy!","og_url":"https:\/\/mrmixandmaster.com\/es\/producto\/radioedits-2\/","og_site_name":"Mr Mix and Master","article_publisher":"https:\/\/www.facebook.com\/OnlineMusicMixingAndMastering\/","article_modified_time":"2025-01-18T13:37:44+00:00","og_image":[{"width":550,"height":380,"url":"https:\/\/mrmixandmaster.com\/wp-content\/uploads\/2018\/07\/Tempo-of-a-Beat.jpg","type":"image\/jpeg"}],"twitter_card":"summary_large_image","twitter_site":"@MrMixandMaster","twitter_misc":{"Tiempo de lectura":"3 minutos"},"schema":{"@context":"https:\/\/schema.org","@graph":[{"@type":"WebPage","@id":"https:\/\/mrmixandmaster.com\/es\/producto\/radioedits-2\/","url":"https:\/\/mrmixandmaster.com\/es\/producto\/radioedits-2\/","name":"Ediciones de Radio y Edici\u00f3n Limpia Para su Disco o Canci\u00f3n","isPartOf":{"@id":"https:\/\/mrmixandmaster.com\/es\/#website"},"primaryImageOfPage":{"@id":"https:\/\/mrmixandmaster.com\/es\/producto\/radioedits-2\/#primaryimage"},"image":{"@id":"https:\/\/mrmixandmaster.com\/es\/producto\/radioedits-2\/#primaryimage"},"thumbnailUrl":"https:\/\/mrmixandmaster.com\/wp-content\/uploads\/2018\/07\/Tempo-of-a-Beat.jpg","datePublished":"2019-11-06T18:16:04+00:00","dateModified":"2025-01-18T13:37:44+00:00","description":"Professional Radio Ready Edits y versiones limpias para su canci\u00f3n o single por el ingeniero de audio de 52X Platinum Vinny D. \u00a1Haga clic aqu\u00ed para contactarnos hoy!","breadcrumb":{"@id":"https:\/\/mrmixandmaster.com\/es\/producto\/radioedits-2\/#breadcrumb"},"inLanguage":"es","potentialAction":[{"@type":"ReadAction","target":["https:\/\/mrmixandmaster.com\/es\/producto\/radioedits-2\/"]}]},{"@type":"ImageObject","inLanguage":"es","@id":"https:\/\/mrmixandmaster.com\/es\/producto\/radioedits-2\/#primaryimage","url":"https:\/\/mrmixandmaster.com\/wp-content\/uploads\/2018\/07\/Tempo-of-a-Beat.jpg","contentUrl":"https:\/\/mrmixandmaster.com\/wp-content\/uploads\/2018\/07\/Tempo-of-a-Beat.jpg","width":550,"height":380,"caption":"Radio Editar su canci\u00f3n hoy, Limpiar Editar y Limpiar versi\u00f3n para su registro!"},{"@type":"BreadcrumbList","@id":"https:\/\/mrmixandmaster.com\/es\/producto\/radioedits-2\/#breadcrumb","itemListElement":[{"@type":"ListItem","position":1,"name":"Home","item":"https:\/\/mrmixandmaster.com\/es\/"},{"@type":"ListItem","position":2,"name":"Servicios","item":"https:\/\/mrmixandmaster.com\/services\/"},{"@type":"ListItem","position":3,"name":"Ediciones de Radio"}]},{"@type":"WebSite","@id":"https:\/\/mrmixandmaster.com\/es\/#website","url":"https:\/\/mrmixandmaster.com\/es\/","name":"Mr Mix and Master","description":"Online Music Mixing &amp; Mastering","publisher":{"@id":"https:\/\/mrmixandmaster.com\/es\/#organization"},"potentialAction":[{"@type":"SearchAction","target":{"@type":"EntryPoint","urlTemplate":"https:\/\/mrmixandmaster.com\/es\/?s={search_term_string}"},"query-input":{"@type":"PropertyValueSpecification","valueRequired":true,"valueName":"search_term_string"}}],"inLanguage":"es"},{"@type":"Organization","@id":"https:\/\/mrmixandmaster.com\/es\/#organization","name":"Mr Mix and Master","url":"https:\/\/mrmixandmaster.com\/es\/","logo":{"@type":"ImageObject","inLanguage":"es","@id":"https:\/\/mrmixandmaster.com\/es\/#\/schema\/logo\/image\/","url":"https:\/\/mrmixandmaster.com\/wp-content\/uploads\/2019\/06\/12.png","contentUrl":"https:\/\/mrmixandmaster.com\/wp-content\/uploads\/2019\/06\/12.png","width":486,"height":214,"caption":"Mr Mix and Master"},"image":{"@id":"https:\/\/mrmixandmaster.com\/es\/#\/schema\/logo\/image\/"},"sameAs":["https:\/\/www.facebook.com\/OnlineMusicMixingAndMastering\/","https:\/\/x.com\/MrMixandMaster","https:\/\/www.instagram.com\/mrmixandmaster\/","https:\/\/www.linkedin.com\/company\/mr-mix-and-master\/","https:\/\/www.pinterest.com\/MrMixandMaster\/","https:\/\/www.youtube.com\/user\/VinnyDvideos","https:\/\/en.wikipedia.org\/wiki\/Vincent_DeLeon"]}]}},"uagb_featured_image_src":{"full":["https:\/\/mrmixandmaster.com\/wp-content\/uploads\/2018\/07\/Tempo-of-a-Beat.jpg",550,380,false],"thumbnail":["https:\/\/mrmixandmaster.com\/wp-content\/uploads\/2018\/07\/Tempo-of-a-Beat-150x150.jpg",150,150,true],"medium":["https:\/\/mrmixandmaster.com\/wp-content\/uploads\/2018\/07\/Tempo-of-a-Beat-300x207.jpg",300,207,true],"medium_large":["https:\/\/mrmixandmaster.com\/wp-content\/uploads\/2018\/07\/Tempo-of-a-Beat.jpg",550,380,false],"large":["https:\/\/mrmixandmaster.com\/wp-content\/uploads\/2018\/07\/Tempo-of-a-Beat.jpg",550,380,false],"1536x1536":["https:\/\/mrmixandmaster.com\/wp-content\/uploads\/2018\/07\/Tempo-of-a-Beat.jpg",550,380,false],"2048x2048":["https:\/\/mrmixandmaster.com\/wp-content\/uploads\/2018\/07\/Tempo-of-a-Beat.jpg",550,380,false],"portfolio-square":["https:\/\/mrmixandmaster.com\/wp-content\/uploads\/2018\/07\/Tempo-of-a-Beat-520x380.jpg",520,380,true],"blog-square":["https:\/\/mrmixandmaster.com\/wp-content\/uploads\/2018\/07\/Tempo-of-a-Beat-212x212.jpg",212,212,true],"menu-featured-post":["https:\/\/mrmixandmaster.com\/wp-content\/uploads\/2018\/07\/Tempo-of-a-Beat-345x198.jpg",345,198,true],"testimonial-image":["https:\/\/mrmixandmaster.com\/wp-content\/uploads\/2018\/07\/Tempo-of-a-Beat-47x47.jpg",47,47,true],"woocommerce_thumbnail":["https:\/\/mrmixandmaster.com\/wp-content\/uploads\/2018\/07\/Tempo-of-a-Beat-150x150.jpg",150,150,true],"woocommerce_single":["https:\/\/mrmixandmaster.com\/wp-content\/uploads\/2018\/07\/Tempo-of-a-Beat-300x207.jpg",300,207,true],"woocommerce_gallery_thumbnail":["https:\/\/mrmixandmaster.com\/wp-content\/uploads\/2018\/07\/Tempo-of-a-Beat-100x100.jpg",100,100,true]},"uagb_author_info":{"display_name":"vde123","author_link":"https:\/\/mrmixandmaster.com\/es\/author\/"},"uagb_comment_info":0,"uagb_excerpt":"Servicios de Radio Edits En la m\u00fasica,una edici\u00f3n de radio se refiere a una modificaci\u00f3n, normalmente truncada, destinada a hacer una canci\u00f3n m\u00e1s adecuada para airplay,ya sea ajustada por longitud, blasfemia, materia, instrumentaci\u00f3n o forma. Radio edits tambi\u00e9n se puede utilizar para la versi\u00f3n\u00fanica comercial...","_links":{"self":[{"href":"https:\/\/mrmixandmaster.com\/es\/wp-json\/wp\/v2\/product\/8208","targetHints":{"allow":["GET"]}}],"collection":[{"href":"https:\/\/mrmixandmaster.com\/es\/wp-json\/wp\/v2\/product"}],"about":[{"href":"https:\/\/mrmixandmaster.com\/es\/wp-json\/wp\/v2\/types\/product"}],"replies":[{"embeddable":true,"href":"https:\/\/mrmixandmaster.com\/es\/wp-json\/wp\/v2\/comments?post=8208"}],"wp:featuredmedia":[{"embeddable":true,"href":"https:\/\/mrmixandmaster.com\/es\/wp-json\/wp\/v2\/media\/7867"}],"wp:attachment":[{"href":"https:\/\/mrmixandmaster.com\/es\/wp-json\/wp\/v2\/media?parent=8208"}],"wp:term":[{"taxonomy":"product_brand","embeddable":true,"href":"https:\/\/mrmixandmaster.com\/es\/wp-json\/wp\/v2\/product_brand?post=8208"},{"taxonomy":"product_cat","embeddable":true,"href":"https:\/\/mrmixandmaster.com\/es\/wp-json\/wp\/v2\/product_cat?post=8208"},{"taxonomy":"product_tag","embeddable":true,"href":"https:\/\/mrmixandmaster.com\/es\/wp-json\/wp\/v2\/product_tag?post=8208"}],"curies":[{"name":"wp","href":"https:\/\/api.w.org\/{rel}","templated":true}]}}